{"id":6,"date":"2017-11-10T12:50:08","date_gmt":"2017-11-10T12:50:08","guid":{"rendered":"http:\/\/akkordeonorchester-mm.de\/?page_id=6"},"modified":"2017-11-10T12:50:08","modified_gmt":"2017-11-10T12:50:08","slug":"willkommen","status":"publish","type":"page","link":"http:\/\/akkordeonorchester-mm.de\/?page_id=6","title":{"rendered":"Willkommen"},"content":{"rendered":"<h1 id=\"a10\" class=\"heading1\">{Gemeinsam musizieren}<\/h1>\n<p><b class=\"contentbold\">Die Freude am gemeinsamen Musizieren verbindet nicht nur die aktiven Mitglieder unseres Vereins.<\/b><\/p>\n<p>Unser Akkordeonorchester ist ein verbindendes Element zwischen unseren beiden Gemeinden, aus denen heraus das Akkordeonorchester entstanden ist. \u00dcber das interne Vereinsleben hinaus ist das Akkordeonorchester Menningen-Minden zum lebendigen Bestandteil des Dorflebens beider Gemeinden geworden. So hat sich aus dem Vereinsleben eine Wechselwirkung ergeben, die das kulturelle Leben beider Gemeinden zu vielen Anl\u00e4ssen und im allt\u00e4glichen Umgang miteinander bereichert.<\/p>\n<p>Doch trotz des eingespielten Vereinslebens bleibt auch die Sorge um den Fortbestand des Orchesters. Die vielf\u00e4ltigen Gestaltungsm\u00f6glichkeiten in der Freizeit lassen manchem das Vereinsleben in seiner gewohnten Art nicht sonderlich attraktiv erscheinen. Gerade deshalb sind wir als Verein gefordert, uns als moderne und attraktive Alternative zur Freizeitgestaltung zu pr\u00e4sentieren. Dabei unterst\u00fctzen uns neben den aktiven Mitgliedern mehr als 150 inaktive Freunde und F\u00f6rderer des Vereins.<\/p>\n<p>Dennoch freuen wir uns \u00fcber jede Form von weiterer Unterst\u00fctzung oder Feedback. Ein Verein ist schlie\u00dflich niemals nur Selbstzweck, sondern lebt besonders von der Unterst\u00fctzung und positiven Aufnahme durch seine Umwelt.<\/p>\n<p>Wir freuen uns, Sie als neuen (oder guten alten) Freund unseres Orchesters hier begr\u00fc\u00dfen zu d\u00fcrfen.<\/p>\n","protected":false},"excerpt":{"rendered":"<p>{Gemeinsam musizieren} Die Freude am gemeinsamen Musizieren verbindet nicht nur die aktiven Mitglieder unseres Vereins. Unser Akkordeonorchester ist ein verbindendes Element zwischen unseren beiden Gemeinden, aus denen heraus das Akkordeonorchester entstanden ist. \u00dcber das interne Vereinsleben hinaus ist das Akkordeonorchester &hellip; <a href=\"http:\/\/akkordeonorchester-mm.de\/?page_id=6\">Weiterlesen <span class=\"meta-nav\">&rarr;<\/span><\/a><\/p>\n","protected":false},"author":1,"featured_media":0,"parent":0,"menu_order":0,"comment_status":"closed","ping_status":"closed","template":"","meta":{"jetpack_post_was_ever_published":false,"footnotes":""},"class_list":["post-6","page","type-page","status-publish","hentry"],"jetpack_sharing_enabled":true,"jetpack_shortlink":"https:\/\/wp.me\/P9qXL3-6","jetpack_likes_enabled":true,"jetpack-related-posts":[],"_links":{"self":[{"href":"http:\/\/akkordeonorchester-mm.de\/index.php?rest_route=\/wp\/v2\/pages\/6"}],"collection":[{"href":"http:\/\/akkordeonorchester-mm.de\/index.php?rest_route=\/wp\/v2\/pages"}],"about":[{"href":"http:\/\/akkordeonorchester-mm.de\/index.php?rest_route=\/wp\/v2\/types\/page"}],"author":[{"embeddable":true,"href":"http:\/\/akkordeonorchester-mm.de\/index.php?rest_route=\/wp\/v2\/users\/1"}],"replies":[{"embeddable":true,"href":"http:\/\/akkordeonorchester-mm.de\/index.php?rest_route=%2Fwp%2Fv2%2Fcomments&post=6"}],"version-history":[{"count":1,"href":"http:\/\/akkordeonorchester-mm.de\/index.php?rest_route=\/wp\/v2\/pages\/6\/revisions"}],"predecessor-version":[{"id":7,"href":"http:\/\/akkordeonorchester-mm.de\/index.php?rest_route=\/wp\/v2\/pages\/6\/revisions\/7"}],"wp:attachment":[{"href":"http:\/\/akkordeonorchester-mm.de\/index.php?rest_route=%2Fwp%2Fv2%2Fmedia&parent=6"}],"curies":[{"name":"wp","href":"https:\/\/api.w.org\/{rel}","templated":true}]}}